{"id":1731,"date":"2025-09-15T17:37:34","date_gmt":"2025-09-15T15:37:34","guid":{"rendered":"https:\/\/textilfest.org\/?page_id=1731"},"modified":"2025-09-15T21:29:15","modified_gmt":"2025-09-15T19:29:15","slug":"rev_bel_art-la-desfilada-dartesania-texil","status":"publish","type":"page","link":"https:\/\/textilfest.org\/ca\/programa\/rev_bel_art-la-desfilada-dartesania-texil\/","title":{"rendered":"REV_BEL_ART: La desfilada d&#8217;artesania t\u00e8xil"},"content":{"rendered":"\n\n\t<section class=\"section\" id=\"section_625546397\">\n\t\t<div class=\"section-bg fill\" >\n\t\t\t\t\t\t\t\t\t\n\t\t\t\n\n\t\t<\/div>\n\n\t\t\n\n\t\t<div class=\"section-content relative\">\n\t\t\t\n<div class=\"row row-full-width\"  id=\"row-1419030075\">\n\n\t<div id=\"col-1342732060\" class=\"col medium-11 small-12 large-11\"  >\n\t\t\t\t<div class=\"col-inner text-center\"  >\n\t\t\t\n\t\t\t\n\t<div id=\"text-3210567956\" class=\"text\">\n\t\t\n<p><strong>Rev_*Bel_*Art: La desfilada d&#8217;artesania t\u00e8xil que convertir\u00e0 el Teatre de l&#8217;Ateneu en un espai de Revelaci\u00f3 i Rebel\u00b7lia.<\/strong><\/p>\n<p><strong>20 de setembre 2025<\/strong><\/p>\n\t\t\n<style>\n#text-3210567956 {\n  font-size: 1rem;\n  line-height: 1.2;\n  text-align: left;\n}\n@media (min-width:550px) {\n  #text-3210567956 {\n    font-size: 1.5rem;\n    line-height: 1.2;\n  }\n}\n@media (min-width:850px) {\n  #text-3210567956 {\n    font-size: 1.95rem;\n    line-height: 1.05;\n  }\n}\n<\/style>\n\t<\/div>\n\t\n\t\t<\/div>\n\t\t\t\t\t<\/div>\n\n\t\n\n<style>\n#row-1419030075 > .col > .col-inner {\n  padding: 0px 0px 0px 2%;\n}\n@media (min-width:550px) {\n  #row-1419030075 > .col > .col-inner {\n    padding: 0px 0px 0px 10%;\n  }\n}\n<\/style>\n<\/div>\n<div class=\"row row-full-width align-center\"  id=\"row-1304693321\">\n\n\t<div id=\"col-1834347571\" class=\"col medium-10 small-12 large-12\"  >\n\t\t\t\t<div class=\"col-inner\"  >\n\t\t\t\n\t\t\t\n<div class=\"accordion\">\n\t<div id=\"accordion-3760535738\" class=\"accordion-item\">\n\t\t<a id=\"accordion-3760535738-label\" class=\"accordion-title plain active\" href=\"#accordion-item-dissabte-20-de-setembre\" aria-expanded=\"true\" aria-controls=\"accordion-3760535738-content\">\n\t\t\t<button class=\"toggle\" aria-label=\"Toggle\"><i class=\"icon-angle-down\" aria-hidden=\"true\"><\/i><\/button>\n\t\t\t<span>DISSABTE 20 DE SETEMBRE<\/span>\n\t\t<\/a>\n\t\t<div id=\"accordion-3760535738-content\" class=\"accordion-inner\" style=\"display: block;\" aria-labelledby=\"accordion-3760535738-label\">\n\t\t\t\n\n\t\t<div class=\"icon-box featured-box icon-box-left text-left\"  >\n\t\t\t\t\t<div class=\"icon-box-img\" style=\"width: 20px\">\n\t\t\t\t<div class=\"icon\">\n\t\t\t\t\t<div class=\"icon-inner\" >\n\t\t\t\t\t\t<?xml version=\"1.0\" encoding=\"iso-8859-1\"?>\r\n<!-- Generator: Adobe Illustrator 19.0.0, SVG Export Plug-In . SVG Version: 6.00 Build 0)  -->\r\n<svg version=\"1.1\" id=\"Capa_1\" xmlns=\"http:\/\/www.w3.org\/2000\/svg\" xmlns:xlink=\"http:\/\/www.w3.org\/1999\/xlink\" x=\"0px\" y=\"0px\"\r\n\t viewBox=\"0 0 512 512\" style=\"enable-background:new 0 0 512 512;\" xml:space=\"preserve\">\r\n<g>\r\n\t<g>\r\n\t\t<path d=\"M437.02,74.98C388.667,26.629,324.38,0,256,0S123.333,26.629,74.98,74.98C26.629,123.333,0,187.62,0,256\r\n\t\t\ts26.629,132.667,74.98,181.02C123.333,485.371,187.62,512,256,512s132.667-26.629,181.02-74.98\r\n\t\t\tC485.371,388.667,512,324.38,512,256S485.371,123.333,437.02,74.98z M426.413,426.413C380.894,471.932,320.374,497,256,497\r\n\t\t\ts-124.894-25.068-170.413-70.587C40.068,380.894,15,320.374,15,256S40.068,131.106,85.587,85.587\r\n\t\t\tC131.106,40.068,191.626,15,256,15s124.894,25.068,170.413,70.587C471.932,131.106,497,191.626,497,256\r\n\t\t\tS471.932,380.894,426.413,426.413z\"\/>\r\n\t<\/g>\r\n<\/g>\r\n<g>\r\n\t<g>\r\n\t\t<path d=\"M396.495,92.028c-41.178-35.356-93.819-53.755-148.261-51.81c-54.713,1.957-106.178,24.367-144.913,63.103\r\n\t\t\tc-38.736,38.735-61.146,90.201-63.103,144.915c-1.947,54.43,16.454,107.084,51.813,148.263c1.483,1.728,3.582,2.614,5.693,2.614\r\n\t\t\tc1.729,0,3.468-0.595,4.882-1.81c3.143-2.698,3.503-7.434,0.804-10.576c-32.892-38.309-50.012-87.302-48.2-137.954\r\n\t\t\tc1.821-50.911,22.674-98.8,58.719-134.845c36.044-36.044,83.932-56.897,134.842-58.719c50.656-1.812,99.644,15.306,137.953,48.199\r\n\t\t\tc3.143,2.698,7.878,2.338,10.576-0.804C399.998,99.462,399.638,94.727,396.495,92.028z\"\/>\r\n\t<\/g>\r\n<\/g>\r\n<g>\r\n\t<g>\r\n\t\t<path d=\"M419.971,115.504c-2.699-3.143-7.434-3.503-10.576-0.804c-3.143,2.698-3.503,7.433-0.805,10.576\r\n\t\t\tc32.894,38.31,50.012,87.303,48.2,137.953c-1.821,50.911-22.674,98.798-58.718,134.842\r\n\t\t\tc-36.045,36.045-83.934,56.898-134.845,58.719c-50.655,1.808-99.645-15.307-137.955-48.203c-3.143-2.698-7.878-2.338-10.576,0.805\r\n\t\t\tc-2.699,3.143-2.338,7.877,0.804,10.576c39.203,33.662,88.799,51.955,140.434,51.953c2.602,0,5.217-0.047,7.828-0.14\r\n\t\t\tc54.714-1.957,106.18-24.367,144.916-63.103c38.735-38.734,61.146-90.199,63.103-144.913\r\n\t\t\tC473.728,209.336,455.328,156.683,419.971,115.504z\"\/>\r\n\t<\/g>\r\n<\/g>\r\n<g>\r\n\t<g>\r\n\t\t<path d=\"M256,72.146c-4.142,0-7.5,3.357-7.5,7.5v24.048c0,4.142,3.358,7.499,7.5,7.499c4.142,0,7.5-3.357,7.5-7.5V79.646\r\n\t\t\tC263.5,75.503,260.142,72.146,256,72.146z\"\/>\r\n\t<\/g>\r\n<\/g>\r\n<g>\r\n\t<g>\r\n\t\t<path d=\"M256,400.807c-4.142,0-7.5,3.357-7.5,7.5v24.048c0,4.143,3.358,7.5,7.5,7.5c4.142,0,7.5-3.357,7.5-7.5v-24.048\r\n\t\t\tC263.5,404.164,260.142,400.807,256,400.807z\"\/>\r\n\t<\/g>\r\n<\/g>\r\n<g>\r\n\t<g>\r\n\t\t<path d=\"M432.355,248.5h-24.048c-4.142,0-7.5,3.358-7.5,7.5c0,4.142,3.358,7.5,7.5,7.5h24.048c4.142,0,7.5-3.358,7.5-7.5\r\n\t\t\tC439.855,251.858,436.497,248.5,432.355,248.5z\"\/>\r\n\t<\/g>\r\n<\/g>\r\n<g>\r\n\t<g>\r\n\t\t<path d=\"M103.693,248.5H79.645c-4.142,0-7.5,3.358-7.5,7.5c0,4.142,3.358,7.5,7.5,7.5h24.048c4.142,0,7.5-3.358,7.5-7.5\r\n\t\t\tC111.193,251.858,107.835,248.5,103.693,248.5z\"\/>\r\n\t<\/g>\r\n<\/g>\r\n<g>\r\n\t<g>\r\n\t\t<path d=\"M120.907,169.344l-13.884-8.017c-3.587-2.071-8.174-0.842-10.245,2.745c-2.071,3.587-0.842,8.174,2.745,10.245\r\n\t\t\tl13.884,8.017c1.181,0.682,2.47,1.006,3.743,1.006c2.592,0,5.113-1.345,6.502-3.751\r\n\t\t\tC125.723,176.002,124.494,171.415,120.907,169.344z\"\/>\r\n\t<\/g>\r\n<\/g>\r\n<g>\r\n\t<g>\r\n\t\t<path d=\"M412.477,337.683l-13.884-8.017c-3.587-2.071-8.174-0.842-10.245,2.745c-2.071,3.587-0.842,8.174,2.745,10.245\r\n\t\t\tl13.884,8.017c1.181,0.682,2.471,1.006,3.743,1.006c2.592,0,5.113-1.345,6.502-3.751\r\n\t\t\tC417.293,344.341,416.064,339.754,412.477,337.683z\"\/>\r\n\t<\/g>\r\n<\/g>\r\n<g>\r\n\t<g>\r\n\t\t<path d=\"M347.927,96.778c-3.587-2.072-8.174-0.843-10.245,2.745l-8.016,13.884c-2.071,3.587-0.842,8.174,2.745,10.245\r\n\t\t\tc1.181,0.682,2.471,1.006,3.743,1.006c2.592,0,5.113-1.345,6.502-3.751l8.016-13.884\r\n\t\t\tC352.743,103.436,351.514,98.849,347.927,96.778z\"\/>\r\n\t<\/g>\r\n<\/g>\r\n<g>\r\n\t<g>\r\n\t\t<path d=\"M179.589,388.349c-3.587-2.072-8.174-0.843-10.245,2.745l-8.016,13.884c-2.071,3.587-0.842,8.174,2.745,10.245\r\n\t\t\tc1.181,0.683,2.471,1.006,3.743,1.006c2.592,0,5.113-1.345,6.502-3.751l8.016-13.884\r\n\t\t\tC184.405,395.006,183.176,390.419,179.589,388.349z\"\/>\r\n\t<\/g>\r\n<\/g>\r\n<g>\r\n\t<g>\r\n\t\t<path d=\"M415.223,164.072c-2.072-3.587-6.659-4.815-10.245-2.745l-13.884,8.017c-3.587,2.071-4.816,6.658-2.745,10.245\r\n\t\t\tc1.389,2.406,3.91,3.751,6.502,3.751c1.272,0,2.562-0.324,3.743-1.006l13.884-8.017\r\n\t\t\tC416.065,172.246,417.294,167.659,415.223,164.072z\"\/>\r\n\t<\/g>\r\n<\/g>\r\n<g>\r\n\t<g>\r\n\t\t<path d=\"M123.652,332.411c-2.071-3.587-6.658-4.815-10.245-2.745l-13.884,8.017c-3.587,2.071-4.816,6.658-2.745,10.245\r\n\t\t\tc1.389,2.406,3.91,3.751,6.502,3.751c1.272,0,2.562-0.324,3.743-1.006l13.884-8.017\r\n\t\t\tC124.494,340.585,125.723,335.999,123.652,332.411z\"\/>\r\n\t<\/g>\r\n<\/g>\r\n<g>\r\n\t<g>\r\n\t\t<path d=\"M182.334,113.406l-8.016-13.884c-2.071-3.588-6.658-4.816-10.245-2.745s-4.816,6.658-2.745,10.245l8.016,13.884\r\n\t\t\tc1.389,2.406,3.91,3.751,6.502,3.751c1.272,0,2.562-0.324,3.743-1.006C183.176,121.581,184.405,116.994,182.334,113.406z\"\/>\r\n\t<\/g>\r\n<\/g>\r\n<g>\r\n\t<g>\r\n\t\t<path d=\"M350.672,404.978l-8.016-13.884c-2.071-3.588-6.657-4.817-10.245-2.745c-3.587,2.071-4.816,6.658-2.745,10.245\r\n\t\t\tl8.016,13.884c1.389,2.406,3.91,3.751,6.502,3.751c1.272,0,2.562-0.324,3.743-1.006\r\n\t\t\tC351.514,413.152,352.743,408.565,350.672,404.978z\"\/>\r\n\t<\/g>\r\n<\/g>\r\n<g>\r\n\t<g>\r\n\t\t<path d=\"M360.209,248.5H278.3c-2.344-6.951-7.849-12.455-14.8-14.8v-97.942c0-4.142-3.358-7.5-7.5-7.5c-4.142,0-7.5,3.358-7.5,7.5\r\n\t\t\tV233.7c-6.951,2.345-12.455,7.849-14.8,14.8h-9.765c-4.142,0-7.5,3.358-7.5,7.5c0,4.142,3.358,7.5,7.5,7.5h9.765\r\n\t\t\tc2.344,6.951,7.849,12.455,14.8,14.8v9.765c0,4.142,3.358,7.5,7.5,7.5c4.142,0,7.5-3.358,7.5-7.5V278.3\r\n\t\t\tc6.951-2.345,12.455-7.849,14.8-14.8h81.91c4.142,0,7.499-3.358,7.499-7.5C367.709,251.858,364.351,248.5,360.209,248.5z\r\n\t\t\t M256,264.532c-4.705,0-8.532-3.828-8.532-8.532c0-4.704,3.828-8.532,8.532-8.532s8.532,3.828,8.532,8.532\r\n\t\t\tS260.705,264.532,256,264.532z\"\/>\r\n\t<\/g>\r\n<\/g>\r\n<g>\r\n<\/g>\r\n<g>\r\n<\/g>\r\n<g>\r\n<\/g>\r\n<g>\r\n<\/g>\r\n<g>\r\n<\/g>\r\n<g>\r\n<\/g>\r\n<g>\r\n<\/g>\r\n<g>\r\n<\/g>\r\n<g>\r\n<\/g>\r\n<g>\r\n<\/g>\r\n<g>\r\n<\/g>\r\n<g>\r\n<\/g>\r\n<g>\r\n<\/g>\r\n<g>\r\n<\/g>\r\n<g>\r\n<\/g>\r\n<\/svg>\r\n\t\t\t\t\t<\/div>\n\t\t\t\t<\/div>\n\t\t\t<\/div>\n\t\t\t\t<div class=\"icon-box-text last-reset\">\n\t\t\t\t\t\t<h6>18:00<\/h6>\t\t\t\n\t<div id=\"gap-1597818038\" class=\"gap-element clearfix\" style=\"display:block; height:auto;\">\n\t\t\n<style>\n#gap-1597818038 {\n  padding-top: 20px;\n}\n<\/style>\n\t<\/div>\n\t\n\t<div id=\"text-25905653\" class=\"text\">\n\t\t\n<p><strong>Rev_*Bel_*Art: La desfilada d&#8217;artesania t\u00e8xtil que convertir\u00e0 el Teatre de l&#8217;Ateneu en un espai de Revelaci\u00f3 i Rebel-lia<\/strong><\/p>\n<p>El pr\u00f2xim 20 de setembre a les 18 h, el Teatre de l&#8217;Ateneu Igualad\u00ed acollir\u00e0 Rev_*Bel_*Art, unadesfilada d&#8217;artesania t\u00e8xtil art\u00edstica presentat com una mostra esc\u00e9nica viva, po\u00e8tica i contemporania.<\/p>\n<p><strong>Organitzat pel Gremi Artes\u00e0 T\u00e8xtil de Catalunya,<\/strong> aquesta activitat es troba dins del marc de TextilFest, Festival de Creaci\u00f3 t\u00e8xtil contempor\u00e1nia que organiza l&#8217;Associaci\u00f3 per a la Creaci\u00f3 Textil.<\/p>\n<p>Rev _*BeL_*Art ofereix una nova visi\u00f3 del t\u00e8xtil, fusionant t\u00e8cnica i avantguarda des del llenguatge art\u00edstic, una exhibici\u00f3 de peces i objectes artesans \u00fanics que es manifesten com a escultures en moviment.<\/p>\n<p>Amb un t\u00edtol que juga amb les paraules &#8220;revelar&#8221; \u00a1 &#8220;rebel-lar&#8221;, aquesta mostra convida a les creadores de totes dues associacions a explorar noves maneres de narrar el m\u00f3n a trav\u00e9s del t\u00e8xtil, revelant histories ocultes, q\u00fcestionant limits i projectant la tradici\u00f3 i l&#8217;ofici.<\/p>\n<p><strong>Data:<\/strong> 20 de setembre.<br \/><strong>Lloc:<\/strong> Teatre de l&#8217;Ateneu Igualad\u00ed (C\/ Sant Pau, 9 08700 Igualada).<br \/><strong>Entrada<\/strong> gratuita fins a completar aforament.<\/p>\n\t\t\n<style>\n#text-25905653 {\n  font-size: 0.85rem;\n  line-height: 1.3;\n}\n@media (min-width:550px) {\n  #text-25905653 {\n    font-size: 0.9rem;\n    line-height: 1.45;\n  }\n}\n@media (min-width:850px) {\n  #text-25905653 {\n    font-size: 1.05rem;\n  }\n}\n<\/style>\n\t<\/div>\n\t\n\t\t<\/div>\n\t<\/div>\n\t\n\t\n\t<div id=\"gap-1421564836\" class=\"gap-element clearfix\" style=\"display:block; height:auto;\">\n\t\t\n<style>\n#gap-1421564836 {\n  padding-top: 20px;\n}\n<\/style>\n\t<\/div>\n\t\n<div class=\"is-divider divider clearfix\" style=\"height:2px;\"><\/div>\n<div class=\"row\"  id=\"row-1154747785\">\n\n\t<div id=\"col-1940099436\" class=\"col medium-9 small-12 large-6\"  >\n\t\t\t\t<div class=\"col-inner\"  >\n\t\t\t\n\t\t\t\n\n  \n    <div id=\"gallery-1590267644\" class=\"row large-columns-1 medium-columns-1 small-columns- row-small row-full-width row-masonry\" data-packery-options='{\"itemSelector\": \".col\", \"gutter\": 0, \"presentageWidth\" : true}'>\n\n  <div class=\"gallery-col col\" >\n          <div class=\"col-inner\">\n            <a class=\"image-lightbox lightbox-gallery\" href=\"https:\/\/textilfest.org\/wp-content\/uploads\/2025\/09\/REV_BEL_ART-19SEP25-TextilFest-ACT-CAT.webp\" title=\"&lt;a href=&quot;https:\/\/textilfest.org\/ca\/programa\/rev_bel_art-la-desfilada-dartesania-texil\/&quot; &gt;REV_BEL_ART&lt;\/a&gt;\">            <div class=\"box has-hover gallery-box box-none\">\n              <div class=\"box-image image-zoom\" >\n                <img loading=\"lazy\" decoding=\"async\" width=\"905\" height=\"1280\" src=\"https:\/\/textilfest.org\/wp-content\/uploads\/2025\/09\/REV_BEL_ART-19SEP25-TextilFest-ACT-CAT.webp\" class=\"attachment-original size-original\" alt=\"REV_BEL_ART\" ids=\"1674\" style=\"none\" lightbox_image_size=\"original\" type=\"masonry\" col_spacing=\"small\" columns=\"1\" columns__md=\"1\" image_size=\"original\" image_hover=\"zoom\" \/>                                                              <\/div>\n              <div class=\"box-text text-left\" >\n                 <p><a href=\"https:\/\/textilfest.org\/ca\/programa\/rev_bel_art-la-desfilada-dartesania-texil\/\">REV_BEL_ART<\/a><\/p>\n              <\/div>\n            <\/div>\n            <\/a>          <\/div>\n         <\/div><\/div>\n\t\t<\/div>\n\t\t\t\t\t<\/div>\n\n\t\n\n\t<div id=\"col-773730368\" class=\"col medium-9 small-12 large-6\"  >\n\t\t\t\t<div class=\"col-inner\"  >\n\t\t\t\n\t\t\t\n\t<div id=\"text-4264469499\" class=\"text\">\n\t\t\n<div class=\"_df_book df-lite\" id=\"df_1682\"  _slug=\"rev_bel_art\" data-title=\"desfilada-dartesania-texil\" wpoptions=\"true\" thumbtype=\"\" ><\/div><script class=\"df-shortcode-script\" nowprocket type=\"application\/javascript\">window.option_df_1682 = {\"outline\":[],\"backgroundColor\":\"#eef1f4\",\"autoEnableOutline\":\"false\",\"autoEnableThumbnail\":\"false\",\"overwritePDFOutline\":\"false\",\"direction\":\"1\",\"pageSize\":\"1\",\"pageMode\":\"1\",\"source\":\"https:\\\/\\\/textilfest.org\\\/wp-content\\\/uploads\\\/2025\\\/09\\\/Desfilada-rev-bel-art-19SEP25-TextilFest-ACT-CAT.pdf\",\"wpOptions\":\"true\"}; if(window.DFLIP && window.DFLIP.parseBooks){window.DFLIP.parseBooks();}<\/script>\n\t\t\n<style>\n#text-4264469499 {\n  font-size: 0.95rem;\n  text-align: left;\n}\n<\/style>\n\t<\/div>\n\t\n\t\t<\/div>\n\t\t\t\t\t<\/div>\n\n\t\n<\/div>\n\t\t<\/div>\n\t<\/div>\n\t\n<\/div>\n\t\t<\/div>\n\t\t\t\t\t<\/div>\n\n\t\n\n<style>\n#row-1304693321 > .col > .col-inner {\n  padding: 0px 0px 0px 0px;\n}\n@media (min-width:850px) {\n  #row-1304693321 > .col > .col-inner {\n    padding: 0px 0px 0px 10%;\n  }\n}\n<\/style>\n<\/div>\n\t\t<\/div>\n\n\t\t\n<style>\n#section_625546397 {\n  padding-top: 18px;\n  padding-bottom: 18px;\n}\n@media (min-width:550px) {\n  #section_625546397 {\n    padding-top: 32px;\n    padding-bottom: 32px;\n  }\n}\n@media (min-width:850px) {\n  #section_625546397 {\n    padding-top: 60px;\n    padding-bottom: 60px;\n  }\n}\n<\/style>\n\t<\/section>\n\t\n\n\t<section class=\"section\" id=\"section_1361995584\">\n\t\t<div class=\"section-bg fill\" >\n\t\t\t\t\t\t\t\t\t\n\t\t\t\n\n\t\t<\/div>\n\n\t\t\n\n\t\t<div class=\"section-content relative\">\n\t\t\t\n<div class=\"row align-center\"  id=\"row-1792989298\">\n\n\t<div id=\"col-7918350\" class=\"col small-9 large-12\"  >\n\t\t\t\t<div class=\"col-inner text-center\"  >\n\t\t\t\n\t\t\t\n\t<div class=\"img has-hover x md-x lg-x y md-y lg-y\" id=\"image_1759132158\">\n\t\t\t\t\t\t\t\t<div class=\"img-inner image-zoom dark\" >\n\t\t\t<img loading=\"lazy\" decoding=\"async\" width=\"506\" height=\"99\" src=\"https:\/\/textilfest.org\/wp-content\/uploads\/2025\/07\/Ayuntament-de-Igualada-TextilFest.png\" class=\"attachment-large size-large\" alt=\"Ayuntament de Igualada\" \/>\t\t\t\t\t\t\n\t\t\t\t\t<\/div>\n\t\t\t\t\t\t\t\t\n<style>\n#image_1759132158 {\n  width: 100%;\n}\n@media (min-width:550px) {\n  #image_1759132158 {\n    width: 31%;\n  }\n}\n<\/style>\n\t<\/div>\n\t\n\t<div id=\"gap-972092766\" class=\"gap-element clearfix\" style=\"display:block; height:auto;\">\n\t\t\n<style>\n#gap-972092766 {\n  padding-top: 5px;\n}\n@media (min-width:550px) {\n  #gap-972092766 {\n    padding-top: 10px;\n  }\n}\n@media (min-width:850px) {\n  #gap-972092766 {\n    padding-top: 5px;\n  }\n}\n<\/style>\n\t<\/div>\n\t\n<p>COL\u00b7LABOREN<\/p>\n\t\t<\/div>\n\t\t\t\t\t<\/div>\n\n\t\n<\/div>\n<div class=\"row row-full-width align-middle align-center\"  id=\"row-1457887735\">\n\n\t<div id=\"col-395103038\" class=\"col medium-2 small-6 large-2\"  >\n\t\t\t\t<div class=\"col-inner text-center\"  >\n\t\t\t\n\t\t\t\n\t<div class=\"img has-hover x md-x lg-x y md-y lg-y\" id=\"image_559194934\">\n\t\t\t\t\t\t\t\t<div class=\"img-inner image-zoom dark\" >\n\t\t\t<img loading=\"lazy\" decoding=\"async\" width=\"300\" height=\"127\" src=\"https:\/\/textilfest.org\/wp-content\/uploads\/2025\/07\/ESCOLA-MASSANA-TextilFest.png\" class=\"attachment-large size-large\" alt=\"Escola Massana. Centre d&#039;Art i Disseny\" \/>\t\t\t\t\t\t\n\t\t\t\t\t<\/div>\n\t\t\t\t\t\t\t\t\n<style>\n#image_559194934 {\n  width: 100%;\n}\n@media (min-width:550px) {\n  #image_559194934 {\n    width: 80%;\n  }\n}\n<\/style>\n\t<\/div>\n\t\n\t\t<\/div>\n\t\t\t\t\t<\/div>\n\n\t\n\n\t<div id=\"col-947591313\" class=\"col medium-2 small-6 large-2\"  >\n\t\t\t\t<div class=\"col-inner text-center\"  >\n\t\t\t\n\t\t\t\n\t<div class=\"img has-hover x md-x lg-x y md-y lg-y\" id=\"image_567499046\">\n\t\t\t\t\t\t\t\t<div class=\"img-inner image-zoom dark\" >\n\t\t\t<img loading=\"lazy\" decoding=\"async\" width=\"1000\" height=\"500\" src=\"https:\/\/textilfest.org\/wp-content\/uploads\/2025\/07\/Ateneu-TextilFest.png\" class=\"attachment-large size-large\" alt=\"l&#039;Ateneu d&#039;Igualada\" srcset=\"https:\/\/textilfest.org\/wp-content\/uploads\/2025\/07\/Ateneu-TextilFest.png 1000w, https:\/\/textilfest.org\/wp-content\/uploads\/2025\/07\/Ateneu-TextilFest-768x384.png 768w\" sizes=\"auto, (max-width: 1000px) 100vw, 1000px\" \/>\t\t\t\t\t\t\n\t\t\t\t\t<\/div>\n\t\t\t\t\t\t\t\t\n<style>\n#image_567499046 {\n  width: 100%;\n}\n@media (min-width:550px) {\n  #image_567499046 {\n    width: 80%;\n  }\n}\n<\/style>\n\t<\/div>\n\t\n\t\t<\/div>\n\t\t\t\t\t<\/div>\n\n\t\n\n\t<div id=\"col-16817109\" class=\"col medium-2 small-5 large-2\"  >\n\t\t\t\t<div class=\"col-inner text-center\"  >\n\t\t\t\n\t\t\t\n\t<div class=\"img has-hover x md-x lg-x y md-y lg-y\" id=\"image_1302407244\">\n\t\t\t\t\t\t\t\t<div class=\"img-inner image-zoom dark\" >\n\t\t\t<img loading=\"lazy\" decoding=\"async\" width=\"788\" height=\"794\" src=\"https:\/\/textilfest.org\/wp-content\/uploads\/2025\/07\/gremi-artesa-textil-de-catalunya-Textilfest.webp\" class=\"attachment-large size-large\" alt=\"Gremi Artes\u00e0 Textil de Catalunya\" \/>\t\t\t\t\t\t\n\t\t\t\t\t<\/div>\n\t\t\t\t\t\t\t\t\n<style>\n#image_1302407244 {\n  width: 100%;\n}\n@media (min-width:550px) {\n  #image_1302407244 {\n    width: 50%;\n  }\n}\n<\/style>\n\t<\/div>\n\t\n\t\t<\/div>\n\t\t\t\t\t<\/div>\n\n\t\n\n\t<div id=\"col-859951557\" class=\"col medium-2 small-6 large-2\"  >\n\t\t\t\t<div class=\"col-inner text-center\"  >\n\t\t\t\n\t\t\t\n\t<div class=\"img has-hover x md-x lg-x y md-y lg-y\" id=\"image_1854681604\">\n\t\t\t\t\t\t\t\t<div class=\"img-inner image-zoom dark\" >\n\t\t\t<img loading=\"lazy\" decoding=\"async\" width=\"258\" height=\"59\" src=\"https:\/\/textilfest.org\/wp-content\/uploads\/2025\/07\/fi-tex-TextilFest.png\" class=\"attachment-large size-large\" alt=\"fi tex \u00b7 Fundaci\u00f3 Privada per a la Innovaci\u00f3 T\u00e8xtil\" \/>\t\t\t\t\t\t\n\t\t\t\t\t<\/div>\n\t\t\t\t\t\t\t\t\n<style>\n#image_1854681604 {\n  width: 100%;\n}\n@media (min-width:550px) {\n  #image_1854681604 {\n    width: 80%;\n  }\n}\n<\/style>\n\t<\/div>\n\t\n\t\t<\/div>\n\t\t\t\t\t<\/div>\n\n\t\n\n\t<div id=\"col-1949193965\" class=\"col medium-2 small-6 large-2\"  >\n\t\t\t\t<div class=\"col-inner text-center\"  >\n\t\t\t\n\t\t\t\n\t<div class=\"img has-hover x md-x lg-x y md-y lg-y\" id=\"image_949996235\">\n\t\t\t\t\t\t\t\t<div class=\"img-inner image-zoom dark\" >\n\t\t\t<img loading=\"lazy\" decoding=\"async\" width=\"409\" height=\"123\" src=\"https:\/\/textilfest.org\/wp-content\/uploads\/2025\/07\/FAGEPi-TextilFest.png\" class=\"attachment-large size-large\" alt=\"FAGEPI\" \/>\t\t\t\t\t\t\n\t\t\t\t\t<\/div>\n\t\t\t\t\t\t\t\t\n<style>\n#image_949996235 {\n  width: 100%;\n}\n@media (min-width:550px) {\n  #image_949996235 {\n    width: 50%;\n  }\n}\n<\/style>\n\t<\/div>\n\t\n\t\t<\/div>\n\t\t\t\t\n<style>\n#col-1949193965 > .col-inner {\n  margin: 0px 0px 0 0px;\n}\n<\/style>\n\t<\/div>\n\n\t\n<\/div>\n\t\t<\/div>\n\n\t\t\n<style>\n#section_1361995584 {\n  padding-top: 50px;\n  padding-bottom: 50px;\n  background-color: rgb(255, 255, 255);\n}\n<\/style>\n\t<\/section>\n\t\n","protected":false},"excerpt":{"rendered":"","protected":false},"author":1,"featured_media":1674,"parent":1355,"menu_order":18,"comment_status":"closed","ping_status":"closed","template":"page-blank.php","meta":{"_seopress_robots_primary_cat":"","_seopress_titles_title":"REV_BEL_ART: La desfilada d'artesania t\u00e8xil %%sep%% %%sitetitle%%","_seopress_titles_desc":"La desfilada d'artesania t\u00e8xil que convertir\u00e0 el Teatre de l'Ateneu en un espai de Revelaci\u00f3 i Rebel\u00b7lia.","_seopress_robots_index":"","footnotes":""},"class_list":["post-1731","page","type-page","status-publish","has-post-thumbnail","hentry"],"_links":{"self":[{"href":"https:\/\/textilfest.org\/ca\/wp-json\/wp\/v2\/pages\/1731","targetHints":{"allow":["GET"]}}],"collection":[{"href":"https:\/\/textilfest.org\/ca\/wp-json\/wp\/v2\/pages"}],"about":[{"href":"https:\/\/textilfest.org\/ca\/wp-json\/wp\/v2\/types\/page"}],"author":[{"embeddable":true,"href":"https:\/\/textilfest.org\/ca\/wp-json\/wp\/v2\/users\/1"}],"replies":[{"embeddable":true,"href":"https:\/\/textilfest.org\/ca\/wp-json\/wp\/v2\/comments?post=1731"}],"version-history":[{"count":0,"href":"https:\/\/textilfest.org\/ca\/wp-json\/wp\/v2\/pages\/1731\/revisions"}],"up":[{"embeddable":true,"href":"https:\/\/textilfest.org\/ca\/wp-json\/wp\/v2\/pages\/1355"}],"wp:featuredmedia":[{"embeddable":true,"href":"https:\/\/textilfest.org\/ca\/wp-json\/wp\/v2\/media\/1674"}],"wp:attachment":[{"href":"https:\/\/textilfest.org\/ca\/wp-json\/wp\/v2\/media?parent=1731"}],"curies":[{"name":"wp","href":"https:\/\/api.w.org\/{rel}","templated":true}]}}